{"id":50,"date":"2023-05-19T08:37:01","date_gmt":"2023-05-19T06:37:01","guid":{"rendered":"https:\/\/garaindustrial.com\/condiciones-de-uso\/"},"modified":"2023-05-19T08:37:01","modified_gmt":"2023-05-19T06:37:01","slug":"condiciones-de-uso","status":"publish","type":"page","link":"https:\/\/garaindustrial.com\/en\/condiciones-de-uso\/","title":{"rendered":"Condiciones de uso"},"content":{"rendered":"\n<p><strong>A.<\/strong>\u2013&nbsp;<strong>TALLERES GARA SA<\/strong>&nbsp;podr\u00e1 modificar, sin previo aviso, la informaci\u00f3n contenida en su sitio web, as\u00ed como su configuraci\u00f3n y presentaci\u00f3n.<\/p>\n\n\n\n<p><strong>B.<\/strong>\u2013&nbsp;<strong>TALLERES GARA SA<\/strong>&nbsp;se compromete a trav\u00e9s de este medio a NO REALIZAR PUBLICIDAD ENGA\u00d1OSA. A estos efectos, por lo tanto, no ser\u00e1n considerados como publicidad enga\u00f1osa los errores formales o num\u00e9ricos que puedan encontrarse a lo largo del contenido de las distintas secciones de la web de&nbsp;<strong>TALLERES GARA SA<\/strong>&nbsp;producidos como consecuencia de un mantenimiento y\/o actualizaci\u00f3n incompleta o defectuosa de la informaci\u00f3n contenida en estas secciones.<strong>TALLERES GARA SA<\/strong>&nbsp;como consecuencia de lo dispuesto en este apartado, se compromete a corregirlo tan pronto como tenga conocimiento de dichos errores.<\/p>\n\n\n\n<p><strong>C<\/strong>.-&nbsp;<strong>TALLERES GARA SA<\/strong>&nbsp;se compromete a NO REMITIR COMUNICACIONES COMERCIALES SIN IDENTIFICARLAS COMO TALES, conforme a lo dispuesto en la Ley 34\/2002 de Servicios de la Sociedad de la Informaci\u00f3n y de comercio electr\u00f3nico. A estos efectos no ser\u00e1 considerado como comunicaci\u00f3n comercial toda la informaci\u00f3n que se env\u00ede a LOS CLIENTES de&nbsp;<strong>TALLERES GARA SA<\/strong>&nbsp;siempre que tenga por finalidad el mantenimiento de la relaci\u00f3n contractual existente entre cliente y&nbsp;<strong>TALLERES GARA SA<\/strong>, as\u00ed como el desempe\u00f1o de las tareas de informaci\u00f3n, formaci\u00f3n y otras actividades propias del servicio que el cliente tiene contratado con la empresa.<\/p>\n\n\n\n<p><strong>D.<\/strong>\u2013&nbsp;<strong>TALLERES GARA SA<\/strong>&nbsp;no se hace responsable del incumplimiento de cualquier norma aplicable en que pueda incurrir el usuario en su acceso al sitio web el presente sitio web y\/o en el uso de las informaciones contenidas en el mismo.<\/p>\n\n\n\n<p><strong>E.<\/strong>\u2013&nbsp;<strong>TALLERES GARA SA<\/strong>&nbsp;no ser\u00e1 responsable de los da\u00f1os y perjuicios producidos o que puedan producirse, cualquiera que sea su naturaleza, que se deriven del uso de la informaci\u00f3n, de las materias contenidas en este web site y de los programas que incorpora. Los enlaces (Links) e hipertexto que posibiliten, a trav\u00e9s del sitio web el presente sitio web, acceder al usuario a prestaciones y servicios ofrecidos por terceros, no pertenecen ni se encuentran bajo el control de&nbsp;<strong>TALLERES GARA SA<\/strong>; dicha entidad no se hace responsable ni de la informaci\u00f3n contenida en los mismos, ni de cualesquiera efectos que pudieran derivarse de dicha informaci\u00f3n.<\/p>\n\n\n\n<p><strong>&nbsp;<\/strong><strong>F.<\/strong>\u2013&nbsp;<strong>TALLERES GARA SA<\/strong>&nbsp;no se hace responsable del uso ileg\u00edtimo que terceras personas puedan hacer de los nombres de marca, nombres de producto, marcas comerciales que, no siendo propiedad de dicha entidad, aparezcan en el presente sitio web. Tampoco se responsabiliza de la integridad, veracidad y licitud del contenido de los enlaces a las webs a las que pueda accederse desde el presente sitio web.<\/p>\n\n\n\n<p><strong>G.<\/strong>\u2013 En definitiva, el Usuario es el \u00fanico responsable del uso que realice de los servicios, contenidos, enlaces (links) e hipertexto incluidos en el sitio web el presente sitio web.<\/p>\n","protected":false},"excerpt":{"rendered":"<p>A.\u2013&nbsp;TALLERES GARA SA&nbsp;podr\u00e1 modificar, sin previo aviso, la informaci\u00f3n contenida en su sitio web, as\u00ed como su configuraci\u00f3n y presentaci\u00f3n. B.\u2013&nbsp;TALLERES GARA SA&nbsp;se compromete a trav\u00e9s de este medio a NO REALIZAR PUBLICIDAD ENGA\u00d1OSA. A estos efectos, por lo tanto, no ser\u00e1n considerados como publicidad enga\u00f1osa los errores formales o num\u00e9ricos que puedan encontrarse a [&hellip;]<\/p>\n","protected":false},"author":1,"featured_media":0,"parent":0,"menu_order":0,"comment_status":"closed","ping_status":"closed","template":"","meta":{"footnotes":""},"class_list":["post-50","page","type-page","status-publish","hentry"],"_links":{"self":[{"href":"https:\/\/garaindustrial.com\/en\/wp-json\/wp\/v2\/pages\/50","targetHints":{"allow":["GET"]}}],"collection":[{"href":"https:\/\/garaindustrial.com\/en\/wp-json\/wp\/v2\/pages"}],"about":[{"href":"https:\/\/garaindustrial.com\/en\/wp-json\/wp\/v2\/types\/page"}],"author":[{"embeddable":true,"href":"https:\/\/garaindustrial.com\/en\/wp-json\/wp\/v2\/users\/1"}],"replies":[{"embeddable":true,"href":"https:\/\/garaindustrial.com\/en\/wp-json\/wp\/v2\/comments?post=50"}],"version-history":[{"count":0,"href":"https:\/\/garaindustrial.com\/en\/wp-json\/wp\/v2\/pages\/50\/revisions"}],"wp:attachment":[{"href":"https:\/\/garaindustrial.com\/en\/wp-json\/wp\/v2\/media?parent=50"}],"curies":[{"name":"wp","href":"https:\/\/api.w.org\/{rel}","templated":true}]}}