{"id":38,"date":"2023-05-19T09:24:34","date_gmt":"2023-05-19T07:24:34","guid":{"rendered":"https:\/\/garaindustrial.com\/politica-de-cookies\/"},"modified":"2025-03-31T07:13:05","modified_gmt":"2025-03-31T05:13:05","slug":"politica-de-cookies","status":"publish","type":"page","link":"https:\/\/garaindustrial.com\/eu\/politica-de-cookies\/","title":{"rendered":"Pol\u00edtica de cookies"},"content":{"rendered":"\n<ol class=\"wp-block-list\">\n<li>DEFINICI\u00d3N Y FUNCI\u00d3N GENERICA DE LAS COOKIES<\/li>\n<\/ol>\n\n\n\n<p><strong>\u00bfQu\u00e9 son las Cookies?<\/strong>&nbsp;<\/p>\n\n\n\n<p>Este sitio web utiliza Cookies y\/o tecnolog\u00edas similares que almacenan y recuperan informaci\u00f3n de quien navega por nuestra web. Una cookie es un peque\u00f1o archivo de texto que se almacena en el navegador utilizado y cuya finalidad principal es recordar a quien ya ha visitado la p\u00e1gina, permitir o facilitar la navegaci\u00f3n, guardar informaci\u00f3n sobre sus preferencias, analizar c\u00f3mo interact\u00faa o medir el uso que se hace de los servicios prestados desde la web y poder mejorarlos. En ocasiones tambi\u00e9n se usar\u00e1n para poder mostrarle publicidad en funci\u00f3n de sus h\u00e1bitos y perfil de navegaci\u00f3n.<\/p>\n\n\n\n<p>En general las cookies pueden servir para finalidades muy diversas, como, por ejemplo, reconocer al usuario, obtener informaci\u00f3n sobre tus h\u00e1bitos de navegaci\u00f3n, o personalizar la forma en que se muestra el contenido.<\/p>\n\n\n\n<p><strong>\u00bfPara qu\u00e9 NO se utilizan las Cookies en esta web?<\/strong>&nbsp;<\/p>\n\n\n\n<p>No almacenamos informaci\u00f3n sensible que permita su identificaci\u00f3n personal de manera directa, como su direcci\u00f3n, su contrase\u00f1a, los datos de su tarjeta de cr\u00e9dito o d\u00e9bito, etc., en las Cookies que utilizamos.&nbsp;<\/p>\n\n\n\n<p>Los usos concretos que hacemos de estas tecnolog\u00edas se describen a continuaci\u00f3n.<\/p>\n\n\n\n<ol start=\"2\" class=\"wp-block-list\">\n<li>INFORMACI\u00d3N SOBRE EL TIPO DE COOKIES QUE SE UTILIZAN Y SU FINALIDAD<\/li>\n<\/ol>\n\n\n\n<p>De conformidad con lo establecido en la Ley de servicios de la sociedad de la informaci\u00f3n y comercio electr\u00f3nico y de conformidad con las directrices establecidas por la Agencia Espa\u00f1ola de protecci\u00f3n de datos le informamos en el siguiente apartado, de las cookies existentes en nuestra web.<\/p>\n\n\n\n<ol start=\"3\" class=\"wp-block-list\">\n<li>IDENTIFICACION DE QUIEN UTILIZA LAS COOKIES.<\/li>\n<\/ol>\n\n\n\n<p>En funci\u00f3n de quien usar\u00e1 las cookies estas pueden ser propias o de terceros:<\/p>\n\n\n\n<p><strong>Propias: <\/strong>Son aqu\u00e9llas que se env\u00edan al equipo terminal del usuario desde un equipo o dominio gestionado por el propio editor y desde el que se presta el servicio solicitado por el usuario.<\/p>\n\n\n\n<p><strong>De terceros: <\/strong>Son aqu\u00e9llas que se env\u00edan al equipo terminal del usuario desde un equipo o dominio que no es gestionado por el editor, sino por otra entidad que trata los datos obtenidos trav\u00e9s de las cookies.<\/p>\n\n\n\n<ol start=\"4\" class=\"wp-block-list\">\n<li>TIPOS DE COOKIES<\/li>\n<\/ol>\n\n\n\n<p>Para que pueda prestar un consentimiento plenamente informado, se describe a continuaci\u00f3n en qu\u00e9 consiste y cu\u00e1l es la finalidad de cada tipo de cookie:<\/p>\n\n\n\n<p><strong>Cookies t\u00e9cnicas:<\/strong> permiten a la persona usuaria la navegaci\u00f3n a trav\u00e9s de una p\u00e1gina web, plataforma o aplicaci\u00f3n y la utilizaci\u00f3n de las diferentes opciones o servicios que en ella existan, incluyendo la gesti\u00f3n y operativa de la p\u00e1gina web y habilitar sus funciones y servicios, como, por ejemplo, identificar la sesi\u00f3n, acceder a partes de acceso restringido, recordar los elementos que integran un pedido, realizar el proceso de compra de un pedido, gestionar el pago. La p\u00e1gina web no puede funcionar adecuadamente sin estas cookies por lo que se consideran necesarias y no requieren de su consentimiento. Sin embargo, si estas cookies se utilizan para finalidades no exentas de consentimiento (por ejemplo, para fines publicitarios comportamentales), \u00e9ste deber\u00e1 prestarse por el usuario.<\/p>\n\n\n\n<p><strong>Cookies de preferencias<\/strong> o <strong>personalizaci\u00f3n:<\/strong> permiten a la p\u00e1gina web recordar informaci\u00f3n que cambia la forma en que la p\u00e1gina se comporta o el aspecto que tiene de modo que el usuario acceda al servicio con determinadas caracter\u00edsticas que pueden diferenciar sus opciones de uso del sitio web a las de otros usuarios, como, por ejemplo, el idioma, el n\u00famero de resultados a mostrar cuando el usuario realiza una b\u00fasqueda o la regi\u00f3n en la que el usuario se encuentra.&nbsp;<\/p>\n\n\n\n<p>Si es el propio usuario quien elige esas caracter\u00edsticas, por ejemplo, marcando la bandera del idioma, se considera un servicio expresamente solicitado siempre y cuando las cookies obedezcan exclusivamente a la finalidad seleccionada de personalizaci\u00f3n. Estas cookies no requieren de consentimiento. Siempre y cuando no puedan ser utilizadas para otras finalidades (como podr\u00eda ser, por ejemplo, la personalizaci\u00f3n de contenidos publicitarios), ni para elaborar un perfil del usuario.<\/p>\n\n\n\n<p><strong>Cookies de an\u00e1lisis<\/strong> o <strong>medici\u00f3n:<\/strong> son aquellas que permiten comprender c\u00f3mo interact\u00faan los visitantes con las p\u00e1ginas web y as\u00ed realizar el an\u00e1lisis estad\u00edstico del uso que hacen las personas usuarias de la web de los servicios prestados. La informaci\u00f3n recogida se utiliza en la medici\u00f3n de la actividad de los sitios web o aplicaci\u00f3n con el fin de introducir mejoras en los productos y servicios ofrecidos por el responsable.<\/p>\n\n\n\n<p>Permiten cuantificar el n\u00famero de usuarios y as\u00ed realizar la medici\u00f3n y an\u00e1lisis estad\u00edstico de la utilizaci\u00f3n que hacen los usuarios del servicio ofertado. Para ello se analiza su navegaci\u00f3n en la p\u00e1gina web con el fin de mejorar la oferta de productos o servicios que le ofrecemos.<\/p>\n\n\n\n<p>Estas cookies no requerir\u00e1n consentimiento siempre y cuando se empleen \u00fanicamente para la medici\u00f3n exclusiva de la audiencia del sitio web y para producir datos estad\u00edsticos an\u00f3nimos, evitando que los datos se cotejen con otras operaciones de tratamiento o se transmitan a terceros. Adem\u00e1s, no deben permitir el seguimiento agregado de la navegaci\u00f3n de la persona que utiliza diferentes aplicaciones o navega por diferentes sitios web.<\/p>\n\n\n\n<p>Sin embargo, el usuario deber\u00e1 prestar su consentimiento si estas cookies se utilizan para otras finalidades, como el caso de varias ofertas de medici\u00f3n de audiencia disponibles en el mercado.&nbsp;<\/p>\n\n\n\n<p><strong>Cookies de marketing<\/strong> o <strong>publicidad comportamental:<\/strong> almacenan informaci\u00f3n del comportamiento de los usuarios obtenida a trav\u00e9s de la observaci\u00f3n continuada de sus h\u00e1bitos de navegaci\u00f3n, lo que permite desarrollar un perfil espec\u00edfico para mostrar anuncios relevantes y atractivos para el usuario individual, y por lo tanto, m\u00e1s valiosos para los terceros anunciantes.<\/p>\n\n\n\n<ol start=\"5\" class=\"wp-block-list\">\n<li>TIPOS DE COOKIES SEG\u00daN EL PLAZO DE TIEMPO QUE PERMANECEN ACTIVADAS<\/li>\n<\/ol>\n\n\n\n<p><strong>Cookies de sesi\u00f3n: <\/strong>son aquellas dise\u00f1adas para recabar y almacenar datos mientras el usuario accede a una p\u00e1gina web. Se suelen emplear para almacenar informaci\u00f3n que solo interesa conservar para la prestaci\u00f3n del servicio solicitado por el usuario en una sola ocasi\u00f3n (por ejemplo, una lista de productos adquiridos) y desaparecen al terminar la sesi\u00f3n.<\/p>\n\n\n\n<p><strong>Cookies persistentes: <\/strong>son aquellas en las que los datos siguen almacenados en el terminal y pueden ser accedidos y tratados durante un periodo definido por el responsable de la cookie, y que puede ir de unos minutos a varios a\u00f1os.<\/p>\n\n\n\n<p>Este sitio web utiliza cookies que permiten el funcionamiento y la prestaci\u00f3n de los servicios ofrecidos en el mismo. Empleamos cookies y\/o tecnolog\u00edas similares que almacenan y recuperan informaci\u00f3n cuando navegas. En general, estas tecnolog\u00edas pueden servir para finalidades muy diversas, como, por ejemplo, reconocerte como usuario, obtener informaci\u00f3n sobre tus h\u00e1bitos de navegaci\u00f3n, o personalizar la forma en que se muestra el contenido. Los usos concretos que hacemos de estas tecnolog\u00edas se describen a continuaci\u00f3n.<\/p>\n\n\n\n<p>Usamos cookies propias y de terceros de tipo t\u00e9cnicas, personalizaci\u00f3n, an\u00e1lisis, publicidad, para las finalidades que a continuaci\u00f3n se exponen en la siguiente declaraci\u00f3n de cookies:<\/p>\n\n\n\n<figure class=\"wp-block-table\"><table class=\"has-fixed-layout\"><tbody><tr><td><strong>TIPO<\/strong><\/td><td><strong>NOMBRE<\/strong><\/td><td><strong>FINALIDAD<\/strong><\/td><td><strong>CADUCIDAD<\/strong><\/td><td><strong>PROPIAS\/TERCEROS<\/strong><\/td><\/tr><tr><td>TECNICA<\/td><td>PrestaShop-$<\/td><td>Almacenar informaci\u00f3n del usuario, contenido del carrito de compra y par\u00e1metros de configuraci\u00f3n.<\/td><td>20 d\u00edas<\/td><td>PROPIA<\/td><\/tr><tr><td>TECNICA<\/td><td>PHPSESSID<\/td><td>Identificaci\u00f3n del usuario de la sesi\u00f3n a nivel interno.<\/td><td>Sesi\u00f3n<\/td><td>PROPIA<\/td><\/tr><tr><td><\/td><td><\/td><td><\/td><td><\/td><td><\/td><\/tr><tr><td><\/td><td><\/td><td><\/td><td><\/td><td><\/td><\/tr><\/tbody><\/table><\/figure>\n\n\n\n<p>Para algunas cookies de an\u00e1lisis y de publicidad necesitamos su consentimiento que podremos obtener si pulsa en el bot\u00f3n \u201cAcepto\u201d en el mensaje de informaci\u00f3n que se muestra al acceder a nuestra p\u00e1gina web.<\/p>\n\n\n\n<p>Tambi\u00e9n usamos cookies de an\u00e1lisis que no requieren de su consentimiento por considerarse estrictamente necesarias ya que se utilizan para las siguientes mediciones:<\/p>\n\n\n\n<p>(i) Medici\u00f3n de audiencia, p\u00e1gina por p\u00e1gina; (ii) La lista de p\u00e1ginas desde las que se ha seguido un enlace para solicitar la p\u00e1gina actual o referente; (iii) Determinaci\u00f3n del tipo de dispositivo, navegador y tama\u00f1o de pantalla de los visitantes, por p\u00e1gina y agregados diariamente; (iv) Estad\u00edsticas de tiempo de carga de la p\u00e1gina, por p\u00e1gina y agregadas por hora; (v) Estad\u00edsticas sobre el tiempo dedicado a cada p\u00e1gina, la tasa de rebote, la profundidad de desplazamiento, por p\u00e1gina y agregadas diariamente; (vi) Estad\u00edsticas sobre las acciones de los usuarios (clics, selecciones), por p\u00e1gina y agregadas diariamente y (vii) Estad\u00edsticas sobre la zona geogr\u00e1fica de origen de las solicitudes, por p\u00e1gina y agregadas diariamente.<\/p>\n\n\n\n<p>La vida \u00fatil de estas cookies se limitar\u00e1 al per\u00edodo que permita una comparaci\u00f3n significativa de audiencias a lo largo del tiempo, con una duraci\u00f3n de trece meses y que no se extender\u00e1 autom\u00e1ticamente en nuevas visitas. Adem\u00e1s, la informaci\u00f3n recopilada a trav\u00e9s de estas cookies se conservar\u00e1 durante un per\u00edodo m\u00e1ximo de veinticinco meses. Estos plazos estar\u00e1n sujetos a revisi\u00f3n peri\u00f3dica para limitarse a lo estrictamente necesario.<\/p>\n\n\n\n<p>Puede permitir, bloquear o eliminar las cookies instaladas en su dispositivo a trav\u00e9s del men\u00fa de configuraci\u00f3n de su navegador de internet, pudiendo configurarlo para que bloquee las cookies o alerte al usuario cuando un servidor quiera guardarla. Los siguientes enlaces proporcionan informaci\u00f3n en relaci\u00f3n con c\u00f3mo configurar y\/o deshabilitar las cookies para cada uno de los principales navegadores del mercado a fin de que el usuario pueda decidir si acepta o no el uso de cookies.<\/p>\n\n\n\n<p>\u00b7 <a href=\"https:\/\/support.microsoft.com\/es-es\/help\/17442\/windows-internet-explorer-delete-manage-cookies\">Microsoft Edge<\/a>: men\u00fa Configuraci\u00f3n&gt; Privacidad y servicios.&nbsp;<\/p>\n\n\n\n<p>\u00b7 <a href=\"https:\/\/support.mozilla.org\/es\/kb\/habilitar-y-deshabilitar-cookies-sitios-web-rastrear-preferencias?redirectlocale=es&amp;redirectslug=habilitar-y-deshabilitar-cookies-que-los-sitios-we\">Firefox<\/a>: men\u00fa Herramientas &gt; Opciones &gt; Privacidad &gt; Cookies.&nbsp;<\/p>\n\n\n\n<p>\u00b7 <a href=\"https:\/\/support.google.com\/accounts\/answer\/61416?hl=es\">Chrome<\/a>: men\u00fa Opciones &gt; Opciones avanzadas &gt; Privacidad.&nbsp;<\/p>\n\n\n\n<p>\u00b7 <a href=\"https:\/\/support.apple.com\/es-es\/guide\/safari\/sfri11471\/mac\">Safari:<\/a> men\u00fa Preferencias\/Privacidad.&nbsp;\u00b7 <a href=\"https:\/\/support.apple.com\/es-es\/HT201265\">Safari para IOS<\/a> (iPhone y iPad): Opci\u00f3n Ajustes &gt; Safari<\/p>\n","protected":false},"excerpt":{"rendered":"<p>\u00bfQu\u00e9 son las Cookies?&nbsp; Este sitio web utiliza Cookies y\/o tecnolog\u00edas similares que almacenan y recuperan informaci\u00f3n de quien navega por nuestra web. Una cookie es un peque\u00f1o archivo de texto que se almacena en el navegador utilizado y cuya finalidad principal es recordar a quien ya ha visitado la p\u00e1gina, permitir o facilitar la [&hellip;]<\/p>\n","protected":false},"author":1,"featured_media":0,"parent":0,"menu_order":0,"comment_status":"closed","ping_status":"closed","template":"","meta":{"footnotes":""},"class_list":["post-38","page","type-page","status-publish","hentry"],"_links":{"self":[{"href":"https:\/\/garaindustrial.com\/eu\/wp-json\/wp\/v2\/pages\/38","targetHints":{"allow":["GET"]}}],"collection":[{"href":"https:\/\/garaindustrial.com\/eu\/wp-json\/wp\/v2\/pages"}],"about":[{"href":"https:\/\/garaindustrial.com\/eu\/wp-json\/wp\/v2\/types\/page"}],"author":[{"embeddable":true,"href":"https:\/\/garaindustrial.com\/eu\/wp-json\/wp\/v2\/users\/1"}],"replies":[{"embeddable":true,"href":"https:\/\/garaindustrial.com\/eu\/wp-json\/wp\/v2\/comments?post=38"}],"version-history":[{"count":1,"href":"https:\/\/garaindustrial.com\/eu\/wp-json\/wp\/v2\/pages\/38\/revisions"}],"predecessor-version":[{"id":85,"href":"https:\/\/garaindustrial.com\/eu\/wp-json\/wp\/v2\/pages\/38\/revisions\/85"}],"wp:attachment":[{"href":"https:\/\/garaindustrial.com\/eu\/wp-json\/wp\/v2\/media?parent=38"}],"curies":[{"name":"wp","href":"https:\/\/api.w.org\/{rel}","templated":true}]}}