{"id":49,"date":"2023-05-19T08:37:31","date_gmt":"2023-05-19T06:37:31","guid":{"rendered":"https:\/\/garaindustrial.com\/aviso-legal\/"},"modified":"2025-10-21T12:50:18","modified_gmt":"2025-10-21T10:50:18","slug":"aviso-legal","status":"publish","type":"page","link":"https:\/\/garaindustrial.com\/fr\/aviso-legal\/","title":{"rendered":"Aviso legal"},"content":{"rendered":"\n<h4 class=\"wp-block-heading\">1. <strong>Datos del responsable<\/strong><\/h4>\n\n\n\n<p>En cumplimiento del art\u00edculo 10 de la Ley 34\/2002, de 11 de julio, de Servicios de la Sociedad de la Informaci\u00f3n y Comercio Electr\u00f3nico, a continuaci\u00f3n, se exponen los datos identificativos del responsable.<\/p>\n\n\n\n<p>Denominaci\u00f3n social: <strong>TALLERES GARA SA<\/strong><\/p>\n\n\n\n<p>C.I.F.\/N.I.F.: <strong>A20101416<\/strong><\/p>\n\n\n\n<p>Domicilio Social: <strong>B\u00ba Benzunzibar, Pol. Kutturru 6 &#8211; 10, 20267 Ikaztegieta (Gipuzkoa)<\/strong><\/p>\n\n\n\n<p>Tel\u00e9fono: 943807011<\/p>\n\n\n\n<p>Correo electr\u00f3nico: <strong>info@garaindustrial.com<\/strong><\/p>\n\n\n\n<p>2. <strong>Propiedad intelectual<\/strong><\/p>\n\n\n\n<p>El c\u00f3digo fuente, los dise\u00f1os gr\u00e1ficos, las im\u00e1genes, las fotograf\u00edas, los sonidos, las animaciones, el software, los textos, as\u00ed como la informaci\u00f3n y los contenidos que se recogen en el presente sitio web est\u00e1n protegidos por la legislaci\u00f3n espa\u00f1ola sobre los derechos de propiedad intelectual e industrial a favor de <strong>TALLERES GARA SA<\/strong> y no se permite la reproducci\u00f3n y\/o publicaci\u00f3n, total o parcial, del sitio web, ni su tratamiento inform\u00e1tico, su distribuci\u00f3n, su difusi\u00f3n, ni su modificaci\u00f3n, transformaci\u00f3n o descompilaci\u00f3n, ni dem\u00e1s derechos reconocidos legalmente a su titular, sin el permiso previo y por escrito del mismo <strong>TALLERES GARA SA<\/strong>.<\/p>\n\n\n\n<p>El usuario\/a, \u00fanica y exclusivamente, puede utilizar el material que aparezca en este sitio web para su uso personal y privado, quedando prohibido su uso con fines comerciales o para incurrir en actividades il\u00edcitas. Todos los derechos derivados de la propiedad intelectual est\u00e1n expresamente reservados por <strong>TALLERES GARA SA<\/strong>.<\/p>\n\n\n\n<p><strong>TALLERES GARA SA<\/strong> velar\u00e1 tanto por el cumplimiento de las anteriores condiciones como por la debida utilizaci\u00f3n de los contenidos presentados en sus p\u00e1ginas web, ejercit\u00e1ndose todas las acciones civiles y penales que le correspondan en el caso de infracci\u00f3n o incumplimiento de estos derechos por parte del usuario\/a.<\/p>\n\n\n\n<ol start=\"3\" class=\"wp-block-list\">\n<li><strong>Protecci\u00f3n de datos de car\u00e1cter personal<\/strong><\/li>\n<\/ol>\n\n\n\n<p>Encontrar\u00e1 informaci\u00f3n detallada sobre el tratamiento de sus datos en el apartado \u201cPol\u00edtica de Privacidad\u201d en esta misma web.<\/p>\n\n\n\n<ol start=\"4\" class=\"wp-block-list\">\n<li><strong>Varios<\/strong><\/li>\n<\/ol>\n\n\n\n<p><strong>A.<\/strong>&#8211; <strong>TALLERES GARA SA<\/strong> podr\u00e1 modificar, sin previo aviso, la informaci\u00f3n contenida en su sitio web, as\u00ed como su configuraci\u00f3n y presentaci\u00f3n.<\/p>\n\n\n\n<p><strong>B.<\/strong>&#8211; <strong>TALLERES GARA SA<\/strong> se compromete a trav\u00e9s de este medio a NO REALIZAR PUBLICIDAD ENGA\u00d1OSA. A estos efectos, por lo tanto, no ser\u00e1n considerados como publicidad enga\u00f1osa los errores formales o num\u00e9ricos que puedan encontrarse a lo largo del contenido de las distintas secciones de la web de <strong>TALLERES GARA SA<\/strong> producidos como consecuencia de un mantenimiento y\/o actualizaci\u00f3n incompleta o defectuosa de la informaci\u00f3n contenida en estas secciones. <strong>TALLERES GARA SA<\/strong> como consecuencia de lo dispuesto en este apartado, se compromete a corregirlo tan pronto como tenga conocimiento de dichos errores.<\/p>\n\n\n\n<p><strong>C<\/strong>.- <strong>TALLERES GARA SA<\/strong> se compromete a NO REMITIR COMUNICACIONES COMERCIALES SIN IDENTIFICARLAS COMO TALES, conforme a lo dispuesto en la Ley 34\/2002 de Servicios de la Sociedad de la Informaci\u00f3n y de comercio electr\u00f3nico. A estos efectos no ser\u00e1 considerado como comunicaci\u00f3n comercial toda la informaci\u00f3n que se env\u00ede a las personas interesadas siempre que tenga por finalidad el mantenimiento de la relaci\u00f3n existente, as\u00ed como el desempe\u00f1o de las tareas de informaci\u00f3n y otras actividades propias de la entidad.<\/p>\n\n\n\n<p><strong>D.<\/strong>&#8211; <strong>TALLERES GARA SA<\/strong> no se hace responsable del incumplimiento de cualquier norma aplicable en que pueda incurrir el usuario\/a en su acceso este sitio web y\/o en el uso de las informaciones contenidas en el mismo.<\/p>\n\n\n\n<p><strong>E.<\/strong>&#8211; <strong>TALLERES GARA SA<\/strong> no ser\u00e1 responsable de los da\u00f1os y perjuicios producidos o que puedan producirse, cualquiera que sea su naturaleza, que se deriven del uso de la informaci\u00f3n, de las materias contenidas en este web site y de los programas que incorpora. Los enlaces (links) e hipertexto que posibiliten, a trav\u00e9s del sitio web, acceder al usuario\/a a prestaciones y servicios ofrecidos por terceros, no pertenecen ni se encuentran bajo el control de <strong>UGARTEBURU SA<\/strong>. Dicha entidad no se hace responsable ni de la informaci\u00f3n contenida en los mismos, ni de cualesquiera efectos que pudieran derivarse de dicha informaci\u00f3n.<\/p>\n\n\n\n<p><strong>F.<\/strong>&#8211; <strong>TALLERES GARA SA<\/strong> no se hace responsable del uso ileg\u00edtimo que terceras personas puedan hacer de los nombres de marca, nombres de producto, marcas comerciales que, no siendo propiedad de dicha entidad, aparezcan en el presente sitio web. Tampoco se responsabiliza de la integridad, veracidad y licitud del contenido de los enlaces a las webs a las que pueda accederse desde el presente sitio web.<\/p>\n\n\n\n<p><strong>G.<\/strong>&#8211; En definitiva, la persona usuaria es la \u00fanica responsable del uso que realice de los servicios, contenidos, enlaces (links) e hipertexto incluidos en el presente sitio web.<a href=\"https:\/\/talleres-gara.com\/aviso-legal\/#d02c5b33af08c7191\"><\/a><\/p>\n","protected":false},"excerpt":{"rendered":"<p>1. Datos del responsable En cumplimiento del art\u00edculo 10 de la Ley 34\/2002, de 11 de julio, de Servicios de la Sociedad de la Informaci\u00f3n y Comercio Electr\u00f3nico, a continuaci\u00f3n, se exponen los datos identificativos del responsable. Denominaci\u00f3n social: TALLERES GARA SA C.I.F.\/N.I.F.: A20101416 Domicilio Social: B\u00ba Benzunzibar, Pol. Kutturru 6 &#8211; 10, 20267 Ikaztegieta [&hellip;]<\/p>\n","protected":false},"author":1,"featured_media":0,"parent":0,"menu_order":0,"comment_status":"closed","ping_status":"closed","template":"","meta":{"footnotes":""},"class_list":["post-49","page","type-page","status-publish","hentry"],"_links":{"self":[{"href":"https:\/\/garaindustrial.com\/fr\/wp-json\/wp\/v2\/pages\/49","targetHints":{"allow":["GET"]}}],"collection":[{"href":"https:\/\/garaindustrial.com\/fr\/wp-json\/wp\/v2\/pages"}],"about":[{"href":"https:\/\/garaindustrial.com\/fr\/wp-json\/wp\/v2\/types\/page"}],"author":[{"embeddable":true,"href":"https:\/\/garaindustrial.com\/fr\/wp-json\/wp\/v2\/users\/1"}],"replies":[{"embeddable":true,"href":"https:\/\/garaindustrial.com\/fr\/wp-json\/wp\/v2\/comments?post=49"}],"version-history":[{"count":2,"href":"https:\/\/garaindustrial.com\/fr\/wp-json\/wp\/v2\/pages\/49\/revisions"}],"predecessor-version":[{"id":94,"href":"https:\/\/garaindustrial.com\/fr\/wp-json\/wp\/v2\/pages\/49\/revisions\/94"}],"wp:attachment":[{"href":"https:\/\/garaindustrial.com\/fr\/wp-json\/wp\/v2\/media?parent=49"}],"curies":[{"name":"wp","href":"https:\/\/api.w.org\/{rel}","templated":true}]}}